{"id":137,"date":"2025-07-22T02:25:33","date_gmt":"2025-07-22T02:25:33","guid":{"rendered":"https:\/\/demo.cmssuperheroes.com\/themeforest\/dianne\/?page_id=137"},"modified":"2026-04-23T15:58:59","modified_gmt":"2026-04-23T13:58:59","slug":"envios-y-devoluciones","status":"publish","type":"page","link":"https:\/\/virguliilla.com\/en\/envios-y-devoluciones\/","title":{"rendered":"Shipping &amp; Return"},"content":{"rendered":"<h1 style=\"--text-size: 95px; --text-size-mobile: 60px;\" data-settings=\"{&quot;animation&quot;:&quot;fadeInUp&quot;,&quot;animation_delay&quot;:700}\">Env\u00edos y devoluciones<\/h1>\n<p>En virguliilla, queremos que tu experiencia de compra sea inmejorable. Por eso, hemos preparado esta p\u00e1gina para explicarte detalladamente todo lo relativo a nuestros <strong>env\u00edos y devoluciones<\/strong>. A continuaci\u00f3n, encontrar\u00e1s los plazos de entrega, las tarifas y los pasos a seguir si necesitas devolver una de nuestras joyas.<\/p>\n<p><img decoding=\"async\" src=\"https:\/\/virguliilla.com\/wp-content\/uploads\/AQUI-TU-IMAGEN.jpg\" alt=\"env\u00edos y devoluciones\" \/><\/p>\n<h3 style=\"--text-size: 36px; --text-size-mobile: 30px;\" data-settings=\"{&quot;animation&quot;:&quot;fadeInUp&quot;,&quot;animation_delay&quot;:200}\">Condiciones generales de env\u00edos y devoluciones<\/h3>\n<p>Nuestro equipo de almac\u00e9n trabaja de lunes a viernes preparando cada pedido con el m\u00e1ximo cuidado. Trabajamos de la mano con agencias de transporte l\u00edderes para garantizar que tus paquetes lleguen a tiempo y en perfectas condiciones.<\/p>\n<p>Si tienes alguna pregunta espec\u00edfica sobre tu pedido o sobre el proceso, no dudes en escribirnos por correo electr\u00f3nico, Instagram, Facebook o visitar nuestra secci\u00f3n de <a href=\"\/en\/contacto\/\">Contacto<\/a> para hablar con nosotros directamente.<\/p>\n<h3 style=\"--text-size: 36px; --text-size-mobile: 30px;\" data-settings=\"{&quot;animation&quot;:&quot;fadeInUp&quot;,&quot;animation_delay&quot;:200}\">Env\u00edos dentro de Europa<\/h3>\n<p>Todos los pedidos dentro de Europa tienen una tarifa plana de env\u00edo de 7,50 \u20ac.<\/p>\n<p>Los pedidos realizados antes de las 9:00 a. m. normalmente se preparan y despachan el mismo d\u00eda laborable.<\/p>\n<p>Ten en cuenta que durante los periodos de rebajas, puede haber un ligero retraso en las salidas de almac\u00e9n. Por lo general, la entrega tarda hasta 4 d\u00edas laborables, aunque la gran mayor\u00eda de los pedidos se reciben en un plazo de 2 d\u00edas laborables.<\/p>\n<h3 style=\"--text-size: 36px; --text-size-mobile: 30px;\" data-settings=\"{&quot;animation&quot;:&quot;fadeInUp&quot;,&quot;animation_delay&quot;:200}\">Env\u00edo Expr\u00e9s e Internacional<\/h3>\n<p>Tambi\u00e9n ofrecemos una opci\u00f3n de env\u00edo expr\u00e9s por una tarifa de 10 \u20ac por pedido a trav\u00e9s de la red de <a href=\"https:\/\/www.dhl.com\/es-es\/home.html\" target=\"_blank\" rel=\"noopener\">DHL<\/a> eParcel Express Post.<\/p>\n<p>El servicio Expr\u00e9s garantiza la entrega al siguiente d\u00eda h\u00e1bil en todas las \u00e1reas metropolitanas de Europa. Para \u00e1reas m\u00e1s regionales, la entrega tardar\u00e1 entre 2 y 3 d\u00edas h\u00e1biles. Es posible que se solicite tu firma en el momento de la entrega.<\/p>\n<p>Todos los pedidos se pueden rastrear utilizando el servicio de seguimiento en l\u00ednea que te enviamos junto con la confirmaci\u00f3n de tu pedido.<\/p>\n<p>Para destinos internacionales fuera de Europa, enviamos con una tarifa plana de 20 \u20ac. La entrega de estos env\u00edos demora entre 10 y 12 d\u00edas h\u00e1biles.<\/p>\n<p>Nuestros gastos de env\u00edo no incluyen los impuestos y aranceles de importaci\u00f3n que puedan surgir al pasar la aduana de tu pa\u00eds. Los clientes son responsables del pago de dichos cargos, los cuales no podemos calcular previamente.<\/p>\n<h3 style=\"--text-size: 36px; --text-size-mobile: 30px;\" data-settings=\"{&quot;animation&quot;:&quot;fadeInUp&quot;,&quot;animation_delay&quot;:200}\">Aviso Importante<\/h3>\n<p>Lamentablemente, debido a un aumento de pedidos fraudulentos en la red, virguliilla se reserva el derecho de solicitar material de identificaci\u00f3n para pedidos internacionales, o en aquellos casos donde el origen de la tarjeta de cr\u00e9dito no coincida con el pa\u00eds de destino.<\/p>\n<p>Esto puede incluir una solicitud para verificar tu carnet de conducir, pasaporte y la tarjeta de cr\u00e9dito utilizada para la transacci\u00f3n. Agradecemos mucho tu cooperaci\u00f3n para mantener la seguridad de nuestra comunidad.<\/p>","protected":false},"excerpt":{"rendered":"<p>Env\u00edos y devoluciones En virguliilla, queremos que tu experiencia de compra sea inmejorable. Por eso, hemos preparado esta p\u00e1gina para explicarte detalladamente todo lo relativo a nuestros env\u00edos y devoluciones. A continuaci\u00f3n, encontrar\u00e1s los plazos de entrega, las tarifas y los pasos a seguir si necesitas devolver una de nuestras joyas. Condiciones generales de env\u00edos [&hellip;]<\/p>\n","protected":false},"author":1,"featured_media":0,"parent":0,"menu_order":32,"comment_status":"closed","ping_status":"closed","template":"","meta":{"footnotes":""},"class_list":["post-137","page","type-page","status-publish","hentry"],"yoast_head":"<!-- This site is optimized with the Yoast SEO plugin v27.5 - https:\/\/yoast.com\/product\/yoast-seo-wordpress\/ -->\n<title>Env\u00edos y devoluciones: pol\u00edtica y plazos | virguliilla<\/title>\n<meta name=\"description\" content=\"Descubre nuestra pol\u00edtica de env\u00edos y devoluciones. Conoce los plazos de entrega, costes y c\u00f3mo devolver tus joyas f\u00e1cilmente.\" \/>\n<meta name=\"robots\" content=\"index, follow, max-snippet:-1, max-image-preview:large, max-video-preview:-1\" \/>\n<link rel=\"canonical\" href=\"https:\/\/virguliilla.com\/en\/envios-y-devoluciones\/\" \/>\n<meta property=\"og:locale\" content=\"en_GB\" \/>\n<meta property=\"og:type\" content=\"article\" \/>\n<meta property=\"og:title\" content=\"Env\u00edos y devoluciones: pol\u00edtica y plazos | virguliilla\" \/>\n<meta property=\"og:description\" content=\"Descubre nuestra pol\u00edtica de env\u00edos y devoluciones. Conoce los plazos de entrega, costes y c\u00f3mo devolver tus joyas f\u00e1cilmente.\" \/>\n<meta property=\"og:url\" content=\"https:\/\/virguliilla.com\/en\/envios-y-devoluciones\/\" \/>\n<meta property=\"og:site_name\" content=\"virguliilla - Compra de Joyer\u00eda Online\" \/>\n<meta property=\"article:modified_time\" content=\"2026-04-23T13:58:59+00:00\" \/>\n<meta property=\"og:image\" content=\"https:\/\/virguliilla.com\/wp-content\/uploads\/AQUI-TU-IMAGEN.jpg\" \/>\n<meta name=\"twitter:card\" content=\"summary_large_image\" \/>\n<meta name=\"twitter:label1\" content=\"Estimated reading time\" \/>\n\t<meta name=\"twitter:data1\" content=\"3 minutes\" \/>\n<script type=\"application\/ld+json\" class=\"yoast-schema-graph\">{\"@context\":\"https:\\\/\\\/schema.org\",\"@graph\":[{\"@type\":\"WebPage\",\"@id\":\"https:\\\/\\\/virguliilla.com\\\/envios-y-devoluciones\\\/\",\"url\":\"https:\\\/\\\/virguliilla.com\\\/envios-y-devoluciones\\\/\",\"name\":\"Env\u00edos y devoluciones: pol\u00edtica y plazos | virguliilla\",\"isPartOf\":{\"@id\":\"https:\\\/\\\/virguliilla.com\\\/en\\\/#website\"},\"primaryImageOfPage\":{\"@id\":\"https:\\\/\\\/virguliilla.com\\\/envios-y-devoluciones\\\/#primaryimage\"},\"image\":{\"@id\":\"https:\\\/\\\/virguliilla.com\\\/envios-y-devoluciones\\\/#primaryimage\"},\"thumbnailUrl\":\"https:\\\/\\\/virguliilla.com\\\/wp-content\\\/uploads\\\/AQUI-TU-IMAGEN.jpg\",\"datePublished\":\"2025-07-22T02:25:33+00:00\",\"dateModified\":\"2026-04-23T13:58:59+00:00\",\"description\":\"Descubre nuestra pol\u00edtica de env\u00edos y devoluciones. Conoce los plazos de entrega, costes y c\u00f3mo devolver tus joyas f\u00e1cilmente.\",\"breadcrumb\":{\"@id\":\"https:\\\/\\\/virguliilla.com\\\/envios-y-devoluciones\\\/#breadcrumb\"},\"inLanguage\":\"en-GB\",\"potentialAction\":[{\"@type\":\"ReadAction\",\"target\":[\"https:\\\/\\\/virguliilla.com\\\/envios-y-devoluciones\\\/\"]}]},{\"@type\":\"ImageObject\",\"inLanguage\":\"en-GB\",\"@id\":\"https:\\\/\\\/virguliilla.com\\\/envios-y-devoluciones\\\/#primaryimage\",\"url\":\"https:\\\/\\\/virguliilla.com\\\/wp-content\\\/uploads\\\/AQUI-TU-IMAGEN.jpg\",\"contentUrl\":\"https:\\\/\\\/virguliilla.com\\\/wp-content\\\/uploads\\\/AQUI-TU-IMAGEN.jpg\"},{\"@type\":\"BreadcrumbList\",\"@id\":\"https:\\\/\\\/virguliilla.com\\\/envios-y-devoluciones\\\/#breadcrumb\",\"itemListElement\":[{\"@type\":\"ListItem\",\"position\":1,\"name\":\"Portada\",\"item\":\"https:\\\/\\\/virguliilla.com\\\/\"},{\"@type\":\"ListItem\",\"position\":2,\"name\":\"Shipping &amp; Return\"}]},{\"@type\":\"WebSite\",\"@id\":\"https:\\\/\\\/virguliilla.com\\\/en\\\/#website\",\"url\":\"https:\\\/\\\/virguliilla.com\\\/en\\\/\",\"name\":\"virguliilla - Compra de Joyer\u00eda Online\",\"description\":\"\",\"potentialAction\":[{\"@type\":\"SearchAction\",\"target\":{\"@type\":\"EntryPoint\",\"urlTemplate\":\"https:\\\/\\\/virguliilla.com\\\/en\\\/?s={search_term_string}\"},\"query-input\":{\"@type\":\"PropertyValueSpecification\",\"valueRequired\":true,\"valueName\":\"search_term_string\"}}],\"inLanguage\":\"en-GB\"}]}<\/script>\n<!-- \/ Yoast SEO plugin. -->","yoast_head_json":{"title":"Env\u00edos y devoluciones: pol\u00edtica y plazos | virguliilla","description":"Descubre nuestra pol\u00edtica de env\u00edos y devoluciones. Conoce los plazos de entrega, costes y c\u00f3mo devolver tus joyas f\u00e1cilmente.","robots":{"index":"index","follow":"follow","max-snippet":"max-snippet:-1","max-image-preview":"max-image-preview:large","max-video-preview":"max-video-preview:-1"},"canonical":"https:\/\/virguliilla.com\/en\/envios-y-devoluciones\/","og_locale":"en_GB","og_type":"article","og_title":"Env\u00edos y devoluciones: pol\u00edtica y plazos | virguliilla","og_description":"Descubre nuestra pol\u00edtica de env\u00edos y devoluciones. Conoce los plazos de entrega, costes y c\u00f3mo devolver tus joyas f\u00e1cilmente.","og_url":"https:\/\/virguliilla.com\/en\/envios-y-devoluciones\/","og_site_name":"virguliilla - Compra de Joyer\u00eda Online","article_modified_time":"2026-04-23T13:58:59+00:00","og_image":[{"url":"https:\/\/virguliilla.com\/wp-content\/uploads\/AQUI-TU-IMAGEN.jpg","type":"","width":"","height":""}],"twitter_card":"summary_large_image","twitter_misc":{"Estimated reading time":"3 minutes"},"schema":{"@context":"https:\/\/schema.org","@graph":[{"@type":"WebPage","@id":"https:\/\/virguliilla.com\/envios-y-devoluciones\/","url":"https:\/\/virguliilla.com\/envios-y-devoluciones\/","name":"Env\u00edos y devoluciones: pol\u00edtica y plazos | virguliilla","isPartOf":{"@id":"https:\/\/virguliilla.com\/en\/#website"},"primaryImageOfPage":{"@id":"https:\/\/virguliilla.com\/envios-y-devoluciones\/#primaryimage"},"image":{"@id":"https:\/\/virguliilla.com\/envios-y-devoluciones\/#primaryimage"},"thumbnailUrl":"https:\/\/virguliilla.com\/wp-content\/uploads\/AQUI-TU-IMAGEN.jpg","datePublished":"2025-07-22T02:25:33+00:00","dateModified":"2026-04-23T13:58:59+00:00","description":"Descubre nuestra pol\u00edtica de env\u00edos y devoluciones. Conoce los plazos de entrega, costes y c\u00f3mo devolver tus joyas f\u00e1cilmente.","breadcrumb":{"@id":"https:\/\/virguliilla.com\/envios-y-devoluciones\/#breadcrumb"},"inLanguage":"en-GB","potentialAction":[{"@type":"ReadAction","target":["https:\/\/virguliilla.com\/envios-y-devoluciones\/"]}]},{"@type":"ImageObject","inLanguage":"en-GB","@id":"https:\/\/virguliilla.com\/envios-y-devoluciones\/#primaryimage","url":"https:\/\/virguliilla.com\/wp-content\/uploads\/AQUI-TU-IMAGEN.jpg","contentUrl":"https:\/\/virguliilla.com\/wp-content\/uploads\/AQUI-TU-IMAGEN.jpg"},{"@type":"BreadcrumbList","@id":"https:\/\/virguliilla.com\/envios-y-devoluciones\/#breadcrumb","itemListElement":[{"@type":"ListItem","position":1,"name":"Portada","item":"https:\/\/virguliilla.com\/"},{"@type":"ListItem","position":2,"name":"Shipping &amp; Return"}]},{"@type":"WebSite","@id":"https:\/\/virguliilla.com\/en\/#website","url":"https:\/\/virguliilla.com\/en\/","name":"virguliilla - Compra de Joyer\u00eda Online","description":"","potentialAction":[{"@type":"SearchAction","target":{"@type":"EntryPoint","urlTemplate":"https:\/\/virguliilla.com\/en\/?s={search_term_string}"},"query-input":{"@type":"PropertyValueSpecification","valueRequired":true,"valueName":"search_term_string"}}],"inLanguage":"en-GB"}]}},"jetpack_sharing_enabled":true,"_links":{"self":[{"href":"https:\/\/virguliilla.com\/en\/wp-json\/wp\/v2\/pages\/137","targetHints":{"allow":["GET"]}}],"collection":[{"href":"https:\/\/virguliilla.com\/en\/wp-json\/wp\/v2\/pages"}],"about":[{"href":"https:\/\/virguliilla.com\/en\/wp-json\/wp\/v2\/types\/page"}],"author":[{"embeddable":true,"href":"https:\/\/virguliilla.com\/en\/wp-json\/wp\/v2\/users\/1"}],"replies":[{"embeddable":true,"href":"https:\/\/virguliilla.com\/en\/wp-json\/wp\/v2\/comments?post=137"}],"version-history":[{"count":1,"href":"https:\/\/virguliilla.com\/en\/wp-json\/wp\/v2\/pages\/137\/revisions"}],"predecessor-version":[{"id":4990,"href":"https:\/\/virguliilla.com\/en\/wp-json\/wp\/v2\/pages\/137\/revisions\/4990"}],"wp:attachment":[{"href":"https:\/\/virguliilla.com\/en\/wp-json\/wp\/v2\/media?parent=137"}],"curies":[{"name":"wp","href":"https:\/\/api.w.org\/{rel}","templated":true}]}}