{"id":143,"date":"2025-07-22T02:26:22","date_gmt":"2025-07-22T02:26:22","guid":{"rendered":"https:\/\/demo.cmssuperheroes.com\/themeforest\/dianne\/?page_id=143"},"modified":"2025-11-27T14:08:58","modified_gmt":"2025-11-27T13:08:58","slug":"contacto","status":"publish","type":"page","link":"https:\/\/virguliilla.com\/en\/contacto\/","title":{"rendered":"Contacto"},"content":{"rendered":"\t\t<div data-elementor-type=\"wp-page\" data-elementor-id=\"143\" class=\"elementor elementor-143\">\n\t\t\t\t<div class=\"elementor-element elementor-element-c953a37 e-con-full cms-econ-nospace e-flex e-con e-parent\" data-id=\"c953a37\" data-element_type=\"container\" data-e-type=\"container\">\r\n\t\t\t\t<div class=\"elementor-element elementor-element-81d9c15 elementor-widget elementor-widget-cms_google_map\" data-id=\"81d9c15\" data-element_type=\"widget\" data-e-type=\"widget\" data-widget_type=\"cms_google_map.default\">\n\t\t\t\t<div class=\"elementor-widget-container\">\n\t\t\t\t\t<div class=\"cms-egmap cms-egmap-3 relative\">\n\t<iframe loading='lazy' src='https:\/\/maps.google.com\/maps?q=Vigo%2C%20Espa%C3%B1a&#038;t=m&#038;z=12&#038;output=embed&#038;iwloc=near' title='Vigo, Espa\u00f1a' aria-label='Vigo, Espa\u00f1a' > <\/iframe>\t<div class=\"overlay-box bg-white cms-shadow-2 p-50 p-lr-smobile-20 absolute left-center z-top ml-container\" style=\"width:360px; max-width: calc(100% - 40px);\">\n\t\t<h3 class=\"cms-heading empty-none pb-10 mt-n7\">New York<\/h3>\n\t\t<div class=\"pb-15\">\n\t\t\tNuestra tienda:  Vigo, Espa\u00f1a\t\t<\/div>\n\t\t<div class=\"cms-timetable text-15\">\n\t\t\t\t\t\t\t<div class=\"cms-timetable-item d-flex gap-30 gap-smobile-10 justify-content-between p-tb-15 \">\n\t\t\t\t    <span class=\"cms-time-title text-body\">\n\t\t\t\t    \tEntre semana\t\t\t\t    <\/span>\n\t\t\t\t    <span class=\"cms-time-value text-body\">\n\t\t\t\t\t\t09.00 - 24:00\t\t\t\t\t<\/span>\n\t\t\t\t<\/div>\n\t\t\t\t\t\t\t\t<div class=\"cms-timetable-item d-flex gap-30 gap-smobile-10 justify-content-between p-tb-15 bdr-t-1 bdr-divider\">\n\t\t\t\t    <span class=\"cms-time-title text-body\">\n\t\t\t\t    \tS\u00e1bado\t\t\t\t    <\/span>\n\t\t\t\t    <span class=\"cms-time-value text-body\">\n\t\t\t\t\t\t08:00 - 03.00\t\t\t\t\t<\/span>\n\t\t\t\t<\/div>\n\t\t\t\t\t\t\t\t<div class=\"cms-timetable-item d-flex gap-30 gap-smobile-10 justify-content-between p-tb-15 bdr-t-1 bdr-divider\">\n\t\t\t\t    <span class=\"cms-time-title text-body\">\n\t\t\t\t    \tDomingo\t\t\t\t    <\/span>\n\t\t\t\t    <span class=\"cms-time-value text-body\">\n\t\t\t\t\t\tD\u00eda libre\t\t\t\t\t<\/span>\n\t\t\t\t<\/div>\n\t\t\t\t\t\t<\/div>\n\t\t<a href=\"https:\/\/maps.google.com\/maps?q=Vigo%2C%20Espa%C3%B1a&#038;t=m&#038;z=12&#038;output=embed&#038;iwloc=near\" target=\"_blank\" class=\"btn btn-menu text-white btn-hover-menu text-hover-white cms-hover-change w-100 mt-20\"><span class=\"cms-on-hover-underline\">Obtener direcci\u00f3n<\/span><\/a>\n\t<\/div>\n<\/div>\t\t\t\t<\/div>\n\t\t\t\t<\/div>\n\t\t\t\t<\/div>\r\n\t\t<div class=\"elementor-element elementor-element-de25c09 p-tb-70 p-tb-tablet-20 e-flex e-con-boxed e-con e-parent\" data-id=\"de25c09\" data-element_type=\"container\" data-e-type=\"container\">\r\n\t\t\t\t\t<div class=\"e-con-inner\">\r\n\t\t<div class=\"elementor-element elementor-element-29583c2 e-con-full e-flex e-con e-child\" data-id=\"29583c2\" data-element_type=\"container\" data-e-type=\"container\">\r\n\t\t\t\t<div class=\"elementor-element elementor-element-fe97e3e cms-sticky elementor-widget elementor-widget-cms_quickcontact\" data-id=\"fe97e3e\" data-element_type=\"widget\" data-e-type=\"widget\" data-widget_type=\"cms_quickcontact.default\">\n\t\t\t\t<div class=\"elementor-widget-container\">\n\t\t\t\t\t<div class=\"cms-eqc cms-eqc-2  text-15\">\n\t\t\t<div class=\"cms-title cms-heading text-heading text-22 pb-10 mt-n5 elementor-invisible\" data-settings=\"{&quot;animation&quot;:&quot;fadeInUp&quot;}\">Informaci\u00f3n de contacto<\/div>\n\t\t<a class=\"cms-eqc-item d-flex align-items-center gap-10  cms-email text-sub-text text-hover-sub-text elementor-invisible\" href=\"mailto:ejemplo@ejemplo.com\" target=\"_blank\" data-settings=\"{&quot;animation&quot;:&quot;fadeInUp&quot;}\">\n\t\t<span class=\"cms-email-title empty-none text-sub-text elementor-invisible\" data-settings=\"{&quot;animation&quot;:&quot;fadeInUp&quot;}\">Correo electr\u00f3nico<\/span>\n\t\t<span class=\"cms-email-text cms-hover-underline\">ejemplo@ejemplo.com<\/span>\n\t<\/a>\n\t\t\t<a class=\"cms-eqc-item d-flex align-items-center gap-10  cms-phone text-sub-text text-hover-sub-text pt elementor-invisible\" href=\"tel:+34600000000\" style=\"--pt:3px;\" data-settings=\"{&quot;animation&quot;:&quot;fadeInUp&quot;}\">\n\t\t\t<span class=\"cms-phone-title empty-none text-heading elementor-invisible\" data-settings=\"{&quot;animation&quot;:&quot;fadeInUp&quot;}\">N\u00famero de tel\u00e9fono<\/span>\n\t\t\t<span class=\"cms-phone-text cms-hover-underline\">+34 600 00 00 00<\/span>\n\t\t<\/a>\n\t\t\t\t<div class=\"cms-address-title cms-heading empty-none text-heading text-22 pb-10 mt-40 elementor-invisible\" data-settings=\"{&quot;animation&quot;:&quot;fadeInUp&quot;}\">Direcci\u00f3n<\/div>\n\t\t<a class=\"cms-eqc-item  cms-address text-body text-hover-accent elementor-invisible\" href=\"https:\/\/maps.google.com\/maps?q=Vigo%2C%20Espa%C3%B1a&amp;t=m&amp;z=14&amp;iwloc=near\" target=\"_blank\" data-settings=\"{&quot;animation&quot;:&quot;fadeInUp&quot;}\">\n\t\t\t<span class=\"cms-address-text cms-nl2br cms-hover-underline text-sub-text\">Vigo, Espa\u00f1a<\/span>\n\t\t<\/a>\n\t\t\t<div class=\"cms-eqc-item  cms-time text-body text-hover-accent pt-40 elementor-invisible\" data-settings=\"{&quot;animation&quot;:&quot;fadeInUp&quot;}\">\n\t\t\t<div class=\"cms-time-title cms-heading text-heading text-22 pb-10 mt-n5 elementor-invisible\" data-settings=\"{&quot;animation&quot;:&quot;fadeInUp&quot;}\">\n\t\t\t\tEstamos abiertos\t\t\t<\/div>\n\t\t\t<duv class=\"cms-time-text text-body text-hover-accent\">Lunes a Viernes 9:00am \u2013 5:00pm<\/duv>\n\t\t\t<div class=\"exclude-time text-error empty-none w-100\">Excepto festivos<\/div>\n\t\t<\/div>\n\t\t\t\t<div class=\"cms-social-title cms-heading text-heading text-22 pb-10 mt-40 elementor-invisible\" data-settings=\"{&quot;animation&quot;:&quot;fadeInUp&quot;}\">Social Media<\/div>\n\t\t<div class=\"cms-social-icons cms-social-icons-2 d-flex align-items-center gap-10  elementor-invisible\" data-settings=\"{&quot;animation&quot;:&quot;fadeInUp&quot;}\">\n\t\t\t\t<a class=\"cms-social-item d-flex align-items-center gap-15 elementor-repeater-item-281dd5a text-menu text-hover-accent\" href=\"https:\/\/facebook.com\" target=\"_blank\">\n\t\t\t            <span class=\"cms-svg-icon cms-eicon text-20 lh-0 cms-icon\" style=\"--svg-size:20px;--cms-start-color:var(--cms-);--cms-end-color:var(--cms-)\"><svg xmlns=\"http:\/\/www.w3.org\/2000\/svg\" viewBox=\"0 0 32 32\"><path d=\"M32 16c0-8.838-7.163-16-16-16s-16 7.162-16 16 7.162 16 16 16c0.094 0 0.188 0 0.281-0.006v-12.45h-3.438v-4.006h3.438v-2.95c0-3.419 2.087-5.281 5.137-5.281 1.462 0 2.719 0.106 3.081 0.156v3.575h-2.1c-1.656 0-1.981 0.787-1.981 1.944v2.55h3.969l-0.519 4.006h-3.45v11.844c6.688-1.919 11.581-8.075 11.581-15.381z\"><\/path><\/svg><\/span>   \n            \t\t<\/a>\n\t\t\t\t<a class=\"cms-social-item d-flex align-items-center gap-15 elementor-repeater-item-f2b2cba text-menu text-hover-accent\" href=\"https:\/\/www.instagram.com\/virguliilla\/\" target=\"_blank\">\n\t\t\t            <span class=\"cms-svg-icon cms-eicon text-20 lh-0 cms-icon\" style=\"--svg-size:20px;--cms-start-color:var(--cms-);--cms-end-color:var(--cms-)\"><svg xmlns=\"http:\/\/www.w3.org\/2000\/svg\" viewBox=\"0 0 28 32\"><path d=\"M14.006 8.813c-3.975 0-7.181 3.206-7.181 7.181s3.206 7.181 7.181 7.181 7.181-3.206 7.181-7.181-3.206-7.181-7.181-7.181zM14.006 20.663c-2.569 0-4.669-2.094-4.669-4.669s2.094-4.669 4.669-4.669 4.669 2.094 4.669 4.669-2.1 4.669-4.669 4.669zM23.156 8.519c0 0.931-0.75 1.675-1.675 1.675-0.931 0-1.675-0.75-1.675-1.675s0.75-1.675 1.675-1.675 1.675 0.75 1.675 1.675zM27.913 10.219c-0.106-2.244-0.619-4.231-2.262-5.869-1.637-1.638-3.625-2.15-5.869-2.263-2.313-0.131-9.244-0.131-11.556 0-2.237 0.106-4.225 0.619-5.869 2.256s-2.15 3.625-2.263 5.869c-0.131 2.313-0.131 9.244 0 11.556 0.106 2.244 0.619 4.231 2.263 5.869s3.625 2.15 5.869 2.262c2.313 0.131 9.244 0.131 11.556 0 2.244-0.106 4.231-0.619 5.869-2.262 1.637-1.637 2.15-3.625 2.262-5.869 0.131-2.313 0.131-9.238 0-11.55zM24.925 24.25c-0.488 1.225-1.431 2.169-2.663 2.663-1.844 0.731-6.219 0.563-8.256 0.563s-6.419 0.163-8.256-0.563c-1.225-0.488-2.169-1.431-2.663-2.663-0.731-1.844-0.563-6.219-0.563-8.256s-0.163-6.419 0.563-8.256c0.487-1.225 1.431-2.169 2.663-2.662 1.844-0.731 6.219-0.563 8.256-0.563s6.419-0.162 8.256 0.563c1.225 0.487 2.169 1.431 2.663 2.662 0.731 1.844 0.563 6.219 0.563 8.256s0.169 6.419-0.563 8.256z\"><\/path><\/svg><\/span>   \n            \t\t<\/a>\n\t\t\t\t<a class=\"cms-social-item d-flex align-items-center gap-15 elementor-repeater-item-dfdf640 text-menu text-hover-accent\" href=\"https:\/\/tiktok.com\" target=\"_blank\">\n\t\t\t            <span class=\"cms-svg-icon cms-eicon text-20 lh-0 cms-icon\" style=\"--svg-size:20px;--cms-start-color:var(--cms-);--cms-end-color:var(--cms-)\"><svg xmlns=\"http:\/\/www.w3.org\/2000\/svg\" viewBox=\"0 0 32 32\"><path d=\"M30.020 8.024c-1.826 0-3.511-0.605-4.864-1.626-1.552-1.17-2.667-2.886-3.061-4.864-0.098-0.489-0.15-0.993-0.155-1.51h-5.217v14.255l-0.006 7.808c0 2.087-1.359 3.858-3.244 4.48-0.547 0.181-1.137 0.266-1.752 0.233-0.785-0.043-1.521-0.28-2.16-0.663-1.361-0.814-2.283-2.29-2.308-3.979-0.039-2.639 2.094-4.791 4.732-4.791 0.521 0 1.021 0.085 1.489 0.239v-5.297c-0.494-0.073-0.996-0.111-1.504-0.111-2.887 0-5.587 1.2-7.517 3.362-1.459 1.634-2.334 3.718-2.469 5.904-0.177 2.871 0.874 5.601 2.911 7.614 0.299 0.296 0.614 0.57 0.942 0.823 1.747 1.344 3.882 2.073 6.132 2.073 0.508 0 1.011-0.038 1.504-0.111 2.101-0.311 4.040-1.273 5.57-2.786 1.88-1.858 2.919-4.325 2.93-6.951l-0.027-11.66c0.897 0.692 1.878 1.264 2.93 1.709 1.637 0.691 3.372 1.041 5.159 1.040v-5.194c0.001 0.001-0.014 0.001-0.015 0.001z\"><\/path><\/svg><\/span>   \n            \t\t<\/a>\n\t\t\t\t<a class=\"cms-social-item d-flex align-items-center gap-15 elementor-repeater-item-86e06c8 text-menu text-hover-accent\" href=\"https:\/\/x.com\" target=\"_blank\">\n\t\t\t            <span class=\"cms-svg-icon cms-eicon text-20 lh-0 cms-icon\" style=\"--svg-size:20px;--cms-start-color:var(--cms-);--cms-end-color:var(--cms-)\"><svg xmlns=\"http:\/\/www.w3.org\/2000\/svg\" viewBox=\"0 0 20 20\"><path fill-rule=\"evenodd\" clip-rule=\"evenodd\" d=\"M13.4331 19.7891L8.60363 12.9578L2.55778 19.7891H0L7.46885 11.3523L0 0.789062H6.56693L11.1186 7.22749L16.8217 0.789062H19.3795L12.2572 8.83511L20 19.7891H13.4331ZM16.2814 17.8632H14.5594L3.66235 2.71497H5.38459L9.74896 8.78043L10.5037 9.83295L16.2814 17.8632Z\" fill=\"currentColor\"><\/path><\/svg><\/span>   \n            \t\t<\/a>\n\t\t\t<\/div>\n<\/div>\t\t\t\t<\/div>\n\t\t\t\t<\/div>\n\t\t\t\t<\/div>\r\n\t\t<div class=\"elementor-element elementor-element-101e3dc e-con-full e-flex e-con e-child\" data-id=\"101e3dc\" data-element_type=\"container\" data-e-type=\"container\">\r\n\t\t\t\t<div class=\"elementor-element elementor-element-2c7f653 elementor-widget elementor-widget-cms_contact_form\" data-id=\"2c7f653\" data-element_type=\"widget\" data-e-type=\"widget\" data-widget_type=\"cms_contact_form.default\">\n\t\t\t\t<div class=\"elementor-widget-container\">\n\t\t\t\t\t<div class=\"cms-ecf7 cms-ecf7-1 bg-transparent\" style=\"--cms-label-color:var(--cms-heading); --cms-form-field-height:58px; --cms-form-field-width:px; --cms-form-field-min-width:px; --cms-form-field-color:var(--cms-body); --cms-placeholder-color:var(--cms-body); --cms-form-field-bg-color:var(--cms-transparent); --cms-form-field-bg-hover-color:var(--cms-transparent); --cms-form-field-border-style: solid; --cms-form-field-border-width: 1px; --cms-form-field-border-color:var(--cms-sub-text); --cms-form-field-border-color-hover:var(--cms-sub-text); --cms-form-field-radius:0px; --cms-form-field-border: solid 1px var(--cms-sub-text); --cms-form-field-border-hover:solid 1px var(--cms-sub-text); --cms-form-field-padding-start:20px;; --cms-form-field-padding-end:20px;; --cms-form-field-checkbox-border:0 0 0 2px var(--cms-accent) inset; --cms-form-select-arrow:url(..\/images\/select-arrow-black.png); --cms-form-textarea-height:170px; --cms-form-textarea-radius:0px; --cms-form-btn-height:58px; --cms-form-btn-height-mobile:58px; --cms-form-btn-color:var(--cms-white); --cms-form-btn-bg:var(--cms-menu); --cms-form-btn-color-hover:var(--cms-white); --cms-form-btn-bg-hover:var(--cms-accent); --cms-btn-padding:0 40px; --cms-invalid-bg:var(--cms-grey); --cms-invalid-color:var(--cms-accent); --cms-btn-color:var(--cms-white); --cms-btn-bg:var(--cms-menu); --cms-btn-color-hover:var(--cms-white); --cms-btn-bg-hover:var(--cms-accent);\">\n\t\t<div class=\"cms-small-title empty-none text-accent m-tb-n5 pb-20 elementor-invisible\" data-settings=\"{&quot;animation&quot;:&quot;fadeInUp&quot;}\">\u00a1Escr\u00edbenos!<\/div>\n\t<h2 class=\"cms-title cms-nl2br cms-heading empty-none text-size text-heading m-tb-n7 elementor-invisible\" style=\"--text-size:36px;--text-size-mobile:30px;\" data-settings=\"{&quot;animation&quot;:&quot;fadeInUp&quot;}\">\u00bfTienes alguna duda?<\/h2>\n\t<div class=\"cms-desc empty-none text-body m-tb-n5 pt-20 elementor-invisible\" data-settings=\"{&quot;animation&quot;:&quot;fadeInUp&quot;}\">H\u00e1ganos saber sus preguntas, pensamientos e ideas a trav\u00e9s del siguiente formulario. Nuestro equipo de soporte volver\u00e1 a t\u00fa lo antes posible.<\/div>\n\t<div class=\"pt-37\"><\/div>\t<div class=\"elementor-invisible\" data-settings=\"{&quot;animation&quot;:&quot;fadeInUp&quot;}\">\n\t\t\n<div class=\"wpcf7 no-js\" id=\"wpcf7-f2779-o1\" lang=\"en-US\" dir=\"ltr\" data-wpcf7-id=\"2779\">\n<div class=\"screen-reader-response\"><p role=\"status\" aria-live=\"polite\" aria-atomic=\"true\"><\/p> <ul><\/ul><\/div>\n<form action=\"\/en\/wp-json\/wp\/v2\/pages\/143#wpcf7-f2779-o1\" method=\"post\" class=\"wpcf7-form init\" aria-label=\"Contact form\" novalidate=\"novalidate\" data-status=\"init\">\n<fieldset class=\"hidden-fields-container\"><input type=\"hidden\" name=\"_wpcf7\" value=\"2779\" \/><input type=\"hidden\" name=\"_wpcf7_version\" value=\"6.1.5\" \/><input type=\"hidden\" name=\"_wpcf7_locale\" value=\"en_US\" \/><input type=\"hidden\" name=\"_wpcf7_unit_tag\" value=\"wpcf7-f2779-o1\" \/><input type=\"hidden\" name=\"_wpcf7_container_post\" value=\"0\" \/><input type=\"hidden\" name=\"_wpcf7_posted_data_hash\" value=\"\" \/>\n<\/fieldset>\n<div class=\"d-flex gutter-20\">\n\n    <div class=\"col-6 col-mobile-12\">\n        <label> Nombre (requerido)\n            <span class=\"wpcf7-form-control-wrap\" data-name=\"your-name\"><input size=\"40\" maxlength=\"400\" class=\"wpcf7-form-control wpcf7-text wpcf7-validates-as-required\" autocomplete=\"name\" aria-required=\"true\" aria-invalid=\"false\" placeholder=\"Introduce tu nombre\" value=\"\" type=\"text\" name=\"your-name\" \/><\/span>\n        <\/label>\n    <\/div>\n\n    <div class=\"col-6 col-mobile-12\">\n        <label> Email (requerido)\n            <span class=\"wpcf7-form-control-wrap\" data-name=\"your-email\"><input size=\"40\" maxlength=\"400\" class=\"wpcf7-form-control wpcf7-email wpcf7-validates-as-required wpcf7-text wpcf7-validates-as-email\" autocomplete=\"email\" aria-required=\"true\" aria-invalid=\"false\" placeholder=\"ejemplo@dominio.com\" value=\"\" type=\"email\" name=\"your-email\" \/><\/span>\n        <\/label>\n    <\/div>\n\n    <div class=\"col-6 col-mobile-12\">\n        <label> Tel\u00e9fono (requerido)\n            <span class=\"wpcf7-form-control-wrap\" data-name=\"phone\"><input size=\"40\" maxlength=\"400\" class=\"wpcf7-form-control wpcf7-tel wpcf7-validates-as-required wpcf7-text wpcf7-validates-as-tel\" aria-required=\"true\" aria-invalid=\"false\" placeholder=\"N\u00famero de tel\u00e9fono\" value=\"\" type=\"tel\" name=\"phone\" \/><\/span>\n        <\/label>\n    <\/div>\n\n    <div class=\"col-6 col-mobile-12\">\n        <label> N\u00famero de Pedido (requerido)\n            <span class=\"wpcf7-form-control-wrap\" data-name=\"order-number\"><input size=\"40\" maxlength=\"400\" class=\"wpcf7-form-control wpcf7-text wpcf7-validates-as-required\" aria-required=\"true\" aria-invalid=\"false\" placeholder=\"N\u00famero de tu pedido\" value=\"\" type=\"text\" name=\"order-number\" \/><\/span>\n        <\/label>\n    <\/div>\n\n    <div class=\"col-12\">\n        <label> Tu Mensaje o Consulta\n            <span class=\"wpcf7-form-control-wrap\" data-name=\"your-message\"><textarea cols=\"40\" rows=\"10\" maxlength=\"2000\" class=\"wpcf7-form-control wpcf7-textarea\" aria-invalid=\"false\" placeholder=\"Escribe tu mensaje aqu\u00ed...\" name=\"your-message\"><\/textarea><\/span>\n        <\/label>\n    <\/div>\n\n    <div class=\"col-12\">\n        <span class=\"wpcf7-form-control-wrap\" data-name=\"acceptance-633\"><span class=\"wpcf7-form-control wpcf7-acceptance\"><span class=\"wpcf7-list-item\"><input type=\"checkbox\" name=\"acceptance-633\" value=\"1\" aria-invalid=\"false\" \/><\/span><\/span><\/span> He le\u00eddo y acepto la <a href=\"[url de la pol\u00edtica de privacidad]\">Pol\u00edtica de Privacidad<\/a>.\n    <\/div>\n\n    <div class=\"col-12\">\n        <button class=\"wpcf7-form-control wpcf7-submit mt-10 cms-hover-change btn btn-menu text-white btn-hover-menu text-hover-white\" type=\"submit\"><span class=\"cms-on-hover-underline\">Enviar Solicitud<\/span><span class='cms-svg-icon lh-0 cms-eicon loading rtl-flip empty-none' style='--svg-size:px;'><svg version=\"1.1\" xmlns=\"http:\/\/www.w3.org\/2000\/svg\" viewBox=\"0 0 32 32\">\n<path d=\"M19 3c0 1.657-1.343 3-3 3s-3-1.343-3-3 1.343-3 3-3 3 1.343 3 3zM16 26c-1.657 0-3 1.343-3 3s1.343 3 3 3 3-1.343 3-3-1.343-3-3-3zM29 13c-1.657 0-3 1.343-3 3s1.343 3 3 3 3-1.343 3-3-1.343-3-3-3zM6 16c0-1.657-1.343-3-3-3s-3 1.343-3 3 1.343 3 3 3 3-1.343 3-3zM6.808 22.192c-1.657 0-3 1.343-3 3s1.343 3 3 3 3-1.343 3-3c0-1.657-1.343-3-3-3zM25.192 22.192c-1.657 0-3 1.343-3 3s1.343 3 3 3 3-1.343 3-3c0-1.657-1.343-3-3-3zM6.808 3.808c-1.657 0-3 1.343-3 3s1.343 3 3 3 3-1.343 3-3-1.343-3-3-3z\"><\/path>\n<\/svg>\n<\/span><\/button>\n    <\/div>\n\n<\/div><p style=\"display: none !important;\" class=\"akismet-fields-container\" data-prefix=\"_wpcf7_ak_\"><label>&#916;<textarea name=\"_wpcf7_ak_hp_textarea\" cols=\"45\" rows=\"8\" maxlength=\"100\"><\/textarea><\/label><input type=\"hidden\" id=\"ak_js_1\" name=\"_wpcf7_ak_js\" value=\"199\"\/><script>document.getElementById( \"ak_js_1\" ).setAttribute( \"value\", ( new Date() ).getTime() );<\/script><\/p><div class=\"wpcf7-response-output\" aria-hidden=\"true\"><\/div>\n<\/form>\n<\/div>\n\t<\/div>\n\t<div class=\"cms-note empty-none text-italic text-15 text-body m-tb-n5 pt-40 elementor-invisible\" data-settings=\"{&quot;animation&quot;:&quot;fadeInUp&quot;}\"><\/div>\n<\/div>\t\t\t\t<\/div>\n\t\t\t\t<\/div>\n\t\t\t\t<\/div>\r\n\t\t\t\t\t<\/div>\r\n\t\t\t\t<\/div>\r\n\t\t\t\t<\/div>\n\t\t","protected":false},"excerpt":{"rendered":"<p>New York Nuestra tienda: Vigo, Espa\u00f1a Entre semana 09.00 &#8211; 24:00 S\u00e1bado 08:00 &#8211; 03.00 Domingo D\u00eda libre Obtener direcci\u00f3n Informaci\u00f3n de contacto Correo electr\u00f3nico ejemplo@ejemplo.com N\u00famero de tel\u00e9fono +34 600 00 00 00 Direcci\u00f3n Vigo, Espa\u00f1a Estamos abiertos Lunes a Viernes 9:00am \u2013 5:00pm Excepto festivos Social Media \u00a1Escr\u00edbenos! \u00bfTienes alguna duda? H\u00e1ganos saber [&hellip;]<\/p>\n","protected":false},"author":1,"featured_media":0,"parent":0,"menu_order":35,"comment_status":"closed","ping_status":"closed","template":"","meta":{"footnotes":""},"class_list":["post-143","page","type-page","status-publish","hentry"],"yoast_head":"<!-- This site is optimized with the Yoast SEO plugin v27.4 - https:\/\/yoast.com\/product\/yoast-seo-wordpress\/ -->\n<title>Contacto - virguliilla - Compra de Joyer\u00eda Online<\/title>\n<meta name=\"robots\" content=\"index, follow, max-snippet:-1, max-image-preview:large, max-video-preview:-1\" \/>\n<link rel=\"canonical\" href=\"https:\/\/virguliilla.com\/en\/contacto\/\" \/>\n<meta property=\"og:locale\" content=\"en_GB\" \/>\n<meta property=\"og:type\" content=\"article\" \/>\n<meta property=\"og:title\" content=\"Contacto - virguliilla - Compra de Joyer\u00eda Online\" \/>\n<meta property=\"og:description\" content=\"New York Nuestra tienda: Vigo, Espa\u00f1a Entre semana 09.00 &#8211; 24:00 S\u00e1bado 08:00 &#8211; 03.00 Domingo D\u00eda libre Obtener direcci\u00f3n Informaci\u00f3n de contacto Correo electr\u00f3nico ejemplo@ejemplo.com N\u00famero de tel\u00e9fono +34 600 00 00 00 Direcci\u00f3n Vigo, Espa\u00f1a Estamos abiertos Lunes a Viernes 9:00am \u2013 5:00pm Excepto festivos Social Media \u00a1Escr\u00edbenos! \u00bfTienes alguna duda? H\u00e1ganos saber [&hellip;]\" \/>\n<meta property=\"og:url\" content=\"https:\/\/virguliilla.com\/en\/contacto\/\" \/>\n<meta property=\"og:site_name\" content=\"virguliilla - Compra de Joyer\u00eda Online\" \/>\n<meta property=\"article:modified_time\" content=\"2025-11-27T13:08:58+00:00\" \/>\n<meta name=\"twitter:card\" content=\"summary_large_image\" \/>\n<meta name=\"twitter:label1\" content=\"Estimated reading time\" \/>\n\t<meta name=\"twitter:data1\" content=\"1 minute\" \/>\n<script type=\"application\/ld+json\" class=\"yoast-schema-graph\">{\"@context\":\"https:\\\/\\\/schema.org\",\"@graph\":[{\"@type\":\"WebPage\",\"@id\":\"https:\\\/\\\/virguliilla.com\\\/contacto\\\/\",\"url\":\"https:\\\/\\\/virguliilla.com\\\/contacto\\\/\",\"name\":\"Contacto - virguliilla - Compra de Joyer\u00eda Online\",\"isPartOf\":{\"@id\":\"https:\\\/\\\/virguliilla.com\\\/en\\\/#website\"},\"datePublished\":\"2025-07-22T02:26:22+00:00\",\"dateModified\":\"2025-11-27T13:08:58+00:00\",\"breadcrumb\":{\"@id\":\"https:\\\/\\\/virguliilla.com\\\/contacto\\\/#breadcrumb\"},\"inLanguage\":\"en-GB\",\"potentialAction\":[{\"@type\":\"ReadAction\",\"target\":[\"https:\\\/\\\/virguliilla.com\\\/contacto\\\/\"]}]},{\"@type\":\"BreadcrumbList\",\"@id\":\"https:\\\/\\\/virguliilla.com\\\/contacto\\\/#breadcrumb\",\"itemListElement\":[{\"@type\":\"ListItem\",\"position\":1,\"name\":\"Portada\",\"item\":\"https:\\\/\\\/virguliilla.com\\\/en\\\/\"},{\"@type\":\"ListItem\",\"position\":2,\"name\":\"Contacto\"}]},{\"@type\":\"WebSite\",\"@id\":\"https:\\\/\\\/virguliilla.com\\\/en\\\/#website\",\"url\":\"https:\\\/\\\/virguliilla.com\\\/en\\\/\",\"name\":\"virguliilla - Compra de Joyer\u00eda Online\",\"description\":\"\",\"potentialAction\":[{\"@type\":\"SearchAction\",\"target\":{\"@type\":\"EntryPoint\",\"urlTemplate\":\"https:\\\/\\\/virguliilla.com\\\/en\\\/?s={search_term_string}\"},\"query-input\":{\"@type\":\"PropertyValueSpecification\",\"valueRequired\":true,\"valueName\":\"search_term_string\"}}],\"inLanguage\":\"en-GB\"}]}<\/script>\n<!-- \/ Yoast SEO plugin. -->","yoast_head_json":{"title":"Contacto - virguliilla - Compra de Joyer\u00eda Online","robots":{"index":"index","follow":"follow","max-snippet":"max-snippet:-1","max-image-preview":"max-image-preview:large","max-video-preview":"max-video-preview:-1"},"canonical":"https:\/\/virguliilla.com\/en\/contacto\/","og_locale":"en_GB","og_type":"article","og_title":"Contacto - virguliilla - Compra de Joyer\u00eda Online","og_description":"New York Nuestra tienda: Vigo, Espa\u00f1a Entre semana 09.00 &#8211; 24:00 S\u00e1bado 08:00 &#8211; 03.00 Domingo D\u00eda libre Obtener direcci\u00f3n Informaci\u00f3n de contacto Correo electr\u00f3nico ejemplo@ejemplo.com N\u00famero de tel\u00e9fono +34 600 00 00 00 Direcci\u00f3n Vigo, Espa\u00f1a Estamos abiertos Lunes a Viernes 9:00am \u2013 5:00pm Excepto festivos Social Media \u00a1Escr\u00edbenos! \u00bfTienes alguna duda? H\u00e1ganos saber [&hellip;]","og_url":"https:\/\/virguliilla.com\/en\/contacto\/","og_site_name":"virguliilla - Compra de Joyer\u00eda Online","article_modified_time":"2025-11-27T13:08:58+00:00","twitter_card":"summary_large_image","twitter_misc":{"Estimated reading time":"1 minute"},"schema":{"@context":"https:\/\/schema.org","@graph":[{"@type":"WebPage","@id":"https:\/\/virguliilla.com\/contacto\/","url":"https:\/\/virguliilla.com\/contacto\/","name":"Contacto - virguliilla - Compra de Joyer\u00eda Online","isPartOf":{"@id":"https:\/\/virguliilla.com\/en\/#website"},"datePublished":"2025-07-22T02:26:22+00:00","dateModified":"2025-11-27T13:08:58+00:00","breadcrumb":{"@id":"https:\/\/virguliilla.com\/contacto\/#breadcrumb"},"inLanguage":"en-GB","potentialAction":[{"@type":"ReadAction","target":["https:\/\/virguliilla.com\/contacto\/"]}]},{"@type":"BreadcrumbList","@id":"https:\/\/virguliilla.com\/contacto\/#breadcrumb","itemListElement":[{"@type":"ListItem","position":1,"name":"Portada","item":"https:\/\/virguliilla.com\/en\/"},{"@type":"ListItem","position":2,"name":"Contacto"}]},{"@type":"WebSite","@id":"https:\/\/virguliilla.com\/en\/#website","url":"https:\/\/virguliilla.com\/en\/","name":"virguliilla - Compra de Joyer\u00eda Online","description":"","potentialAction":[{"@type":"SearchAction","target":{"@type":"EntryPoint","urlTemplate":"https:\/\/virguliilla.com\/en\/?s={search_term_string}"},"query-input":{"@type":"PropertyValueSpecification","valueRequired":true,"valueName":"search_term_string"}}],"inLanguage":"en-GB"}]}},"jetpack_sharing_enabled":true,"_links":{"self":[{"href":"https:\/\/virguliilla.com\/en\/wp-json\/wp\/v2\/pages\/143","targetHints":{"allow":["GET"]}}],"collection":[{"href":"https:\/\/virguliilla.com\/en\/wp-json\/wp\/v2\/pages"}],"about":[{"href":"https:\/\/virguliilla.com\/en\/wp-json\/wp\/v2\/types\/page"}],"author":[{"embeddable":true,"href":"https:\/\/virguliilla.com\/en\/wp-json\/wp\/v2\/users\/1"}],"replies":[{"embeddable":true,"href":"https:\/\/virguliilla.com\/en\/wp-json\/wp\/v2\/comments?post=143"}],"version-history":[{"count":19,"href":"https:\/\/virguliilla.com\/en\/wp-json\/wp\/v2\/pages\/143\/revisions"}],"predecessor-version":[{"id":4797,"href":"https:\/\/virguliilla.com\/en\/wp-json\/wp\/v2\/pages\/143\/revisions\/4797"}],"wp:attachment":[{"href":"https:\/\/virguliilla.com\/en\/wp-json\/wp\/v2\/media?parent=143"}],"curies":[{"name":"wp","href":"https:\/\/api.w.org\/{rel}","templated":true}]}}