{"id":145,"date":"2025-07-22T02:26:37","date_gmt":"2025-07-22T02:26:37","guid":{"rendered":"https:\/\/demo.cmssuperheroes.com\/themeforest\/dianne\/?page_id=145"},"modified":"2025-11-26T14:09:59","modified_gmt":"2025-11-26T13:09:59","slug":"blog","status":"publish","type":"page","link":"https:\/\/virguliilla.com\/en\/blog\/","title":{"rendered":"Blog"},"content":{"rendered":"\t\t<div data-elementor-type=\"wp-page\" data-elementor-id=\"145\" class=\"elementor elementor-145\">\n\t\t\t\t<div class=\"elementor-element elementor-element-c5d9ae6 pt-90 pb-80 p-tb-tablet-40 e-flex e-con-boxed e-con e-parent\" data-id=\"c5d9ae6\" data-element_type=\"container\" data-e-type=\"container\">\r\n\t\t\t\t\t<div class=\"e-con-inner\">\r\n\t\t\t\t<div class=\"elementor-element elementor-element-bf75eb0 elementor-widget elementor-widget-cms_posts_grid\" data-id=\"bf75eb0\" data-element_type=\"widget\" data-e-type=\"widget\" data-widget_type=\"cms_posts_grid.default\">\n\t\t\t\t<div class=\"elementor-widget-container\">\n\t\t\t\t\t<div id=\"cms_posts_grid-bf75eb0\" class=\"cms-post-grid cms-grid cms-grid-2\" data-layout=\"grid\" data-start-page=\"1\" data-max-pages=\"1\" data-total=\"4\" data-perpage=\"6\" data-next-link=\"\">\n    \n    <div class=\"cms-grid-content d-flex flex-col-2 flex-col-tablet-1 flex-col-smobile-1 gutter-40\">            <div class='cms-item cms-transition' data-settings=>\n                                <div class=\"cms--item hover-image-zoom-out relative cms-hover-change d-flex gutter\">\n                    <div class=\"overflow-hidden col-6 col-mobile-12\" style=\"max-height:525px;\"><img loading=\"lazy\" decoding=\"async\" width=\"570\" height=\"733\" src=\"https:\/\/virguliilla.com\/wp-content\/uploads\/2026\/04\/COMBINACION-DE-COLGANTES--570x733.png\" class=\"cms-lazy lazy-loading img-cover swiper-nav-vert\" alt=\"Primer plano de un escote elegante mostrando tres collares de oro superpuestos (tendencia layering) de la marca Virguliilla: una gargantilla lisa, una cadena fina con colgante de esmeralda y una cadena m\u00e1s larga. De fondo, azulejos geom\u00e9tricos andaluces desenfocados.\" loading=\"lazy\" style=\"max-height:733px\" srcset=\"https:\/\/virguliilla.com\/wp-content\/uploads\/2026\/04\/COMBINACION-DE-COLGANTES--570x733.png 570w, https:\/\/virguliilla.com\/wp-content\/uploads\/2026\/04\/COMBINACION-DE-COLGANTES--70x90.png 70w\" sizes=\"auto, (max-width: 570px) 100vw, 570px\" \/><\/div>                    <div class=\"col-6 col-mobile-12\">\n                        <div class=\"text-uppercase ls-06 text-15 pb-5 mt-n5\">April 16, 2026<\/div>\n                        <h3 class=\"cms-heading text-line-3 text-30 text-hover-heading\"><a href=\"https:\/\/virguliilla.com\/en\/2026\/04\/16\/como-combinar-collares-layering\/\" class=\"d-inline cms-hover-underline\">El arte de combinar collares: gu\u00eda pr\u00e1ctica para un layering perfecto<\/a><\/h3>\n                        <div class=\"cms-excerpt text-16 text-line-3 pt-15\"><\/div>\n                        <div class=\"pt-23\"><\/div>\n                        <a class=\"cms-readmore text-15 ls-06 text-uppercase cms-underline cms-hover-underline\" href=\"https:\/\/virguliilla.com\/en\/2026\/04\/16\/como-combinar-collares-layering\/\" data-title=\"Read More\">Read More<\/a>\n                    <\/div>\n                <\/div>\n                            <\/div>\n                    <div class='cms-item cms-transition' data-settings=>\n                                <div class=\"cms--item hover-image-zoom-out relative cms-hover-change d-flex gutter\">\n                    <div class=\"overflow-hidden col-6 col-mobile-12\" style=\"max-height:525px;\"><img loading=\"lazy\" decoding=\"async\" width=\"366\" height=\"200\" src=\"https:\/\/virguliilla.com\/wp-content\/uploads\/2026\/04\/Guia-definitiva-para-saber-tu-talla-de-anillo-en-casa.-imagen-destacada-e1776418542784.jpg\" class=\"cms-lazy lazy-loading img-cover swiper-nav-vert\" alt=\"Gu\u00eda definitiva para saber tu talla de anillo en casa.\" loading=\"lazy\" style=\"max-height:200px\" \/><\/div>                    <div class=\"col-6 col-mobile-12\">\n                        <div class=\"text-uppercase ls-06 text-15 pb-5 mt-n5\">April 15, 2026<\/div>\n                        <h3 class=\"cms-heading text-line-3 text-30 text-hover-heading\"><a href=\"https:\/\/virguliilla.com\/en\/2026\/04\/15\/como-saber-talla-anillo-casa\/\" class=\"d-inline cms-hover-underline\">Gu\u00eda definitiva para saber tu talla de anillo en casa.<\/a><\/h3>\n                        <div class=\"cms-excerpt text-16 text-line-3 pt-15\"><\/div>\n                        <div class=\"pt-23\"><\/div>\n                        <a class=\"cms-readmore text-15 ls-06 text-uppercase cms-underline cms-hover-underline\" href=\"https:\/\/virguliilla.com\/en\/2026\/04\/15\/como-saber-talla-anillo-casa\/\" data-title=\"Read More\">Read More<\/a>\n                    <\/div>\n                <\/div>\n                            <\/div>\n                    <div class='cms-item cms-transition' data-settings=>\n                                <div class=\"cms--item hover-image-zoom-out relative cms-hover-change d-flex gutter\">\n                    <div class=\"overflow-hidden col-6 col-mobile-12\" style=\"max-height:525px;\"><img loading=\"lazy\" decoding=\"async\" width=\"358\" height=\"200\" src=\"https:\/\/virguliilla.com\/wp-content\/uploads\/2026\/04\/Imagen-destacada-para-Diferencias-entre-Oro-de-18k-14k-y-Bano-de-Oro-e1776326941383.png\" class=\"cms-lazy lazy-loading img-cover swiper-nav-vert\" alt=\"Infograf\u00eda destacada de la comparativa detallada de Virguliilla.com sobre las diferencias entre oro de 18k, 14k y ba\u00f1o de oro, mostrando pureza (750 vs 585), composici\u00f3n, durabilidad, color y precio de tres anillos diferentes para guiar tu compra.\" loading=\"lazy\" style=\"max-height:200px\" \/><\/div>                    <div class=\"col-6 col-mobile-12\">\n                        <div class=\"text-uppercase ls-06 text-15 pb-5 mt-n5\">April 15, 2026<\/div>\n                        <h3 class=\"cms-heading text-line-3 text-30 text-hover-heading\"><a href=\"https:\/\/virguliilla.com\/en\/2026\/04\/15\/diferencias-oro-18k-14k-bano\/\" class=\"d-inline cms-hover-underline\">Diferencias entre Oro de 18k, 14k y Ba\u00f1o de Oro<\/a><\/h3>\n                        <div class=\"cms-excerpt text-16 text-line-3 pt-15\"><\/div>\n                        <div class=\"pt-23\"><\/div>\n                        <a class=\"cms-readmore text-15 ls-06 text-uppercase cms-underline cms-hover-underline\" href=\"https:\/\/virguliilla.com\/en\/2026\/04\/15\/diferencias-oro-18k-14k-bano\/\" data-title=\"Read More\">Read More<\/a>\n                    <\/div>\n                <\/div>\n                            <\/div>\n                    <div class='cms-item cms-transition' data-settings=>\n                                <div class=\"cms--item hover-image-zoom-out relative cms-hover-change d-flex gutter\">\n                    <div class=\"overflow-hidden col-6 col-mobile-12\" style=\"max-height:525px;\"><img loading=\"lazy\" decoding=\"async\" width=\"489\" height=\"733\" src=\"https:\/\/virguliilla.com\/wp-content\/uploads\/blog-6.webp\" class=\"cms-lazy lazy-loading img-cover swiper-nav-vert\" alt=\"\" loading=\"lazy\" style=\"max-height:733px\" \/><\/div>                    <div class=\"col-6 col-mobile-12\">\n                        <div class=\"text-uppercase ls-06 text-15 pb-5 mt-n5\">July 22, 2025<\/div>\n                        <h3 class=\"cms-heading text-line-3 text-30 text-hover-heading\"><a href=\"https:\/\/virguliilla.com\/en\/2025\/07\/22\/como-limpiar-joyas-de-plata\/\" class=\"d-inline cms-hover-underline\">\u00bfC\u00f3mo limpiar joyas preciosas en casa?<\/a><\/h3>\n                        <div class=\"cms-excerpt text-16 text-line-3 pt-15\">Dado que tanto el oro como el platino se utilizan com\u00fanmente de forma indistinta como engastes para diamantes y piedras preciosas, es fundamental considerar qu\u00e9 otras joyas llevas cerca: si tienes un anillo de compromiso de oro, lo ideal ser\u00eda elegir una alianza de boda de oro para llevar junto a \u00e9l. Adem\u00e1s, para aquellos que contemplan las diferencias entre el oro blanco y el platino, ambos metales preciosos son virtualmente indistinguibles. Desde tus joyas de uso diario hasta las piezas m\u00e1s solemnes que solo usas en ocasiones especiales, es muy probable que todas tus joyas necesiten un buen pulido.<\/div>\n                        <div class=\"pt-23\"><\/div>\n                        <a class=\"cms-readmore text-15 ls-06 text-uppercase cms-underline cms-hover-underline\" href=\"https:\/\/virguliilla.com\/en\/2025\/07\/22\/como-limpiar-joyas-de-plata\/\" data-title=\"Read More\">Read More<\/a>\n                    <\/div>\n                <\/div>\n                            <\/div>\n        <\/div>\n            <div class=\"cms-grid-pagination\" data-loadmore=\"{&quot;post_type&quot;:&quot;post&quot;,&quot;taxonomy&quot;:&quot;category&quot;,&quot;startPage&quot;:1,&quot;maxPages&quot;:1,&quot;total&quot;:4,&quot;perpage&quot;:6,&quot;nextLink&quot;:&quot;&quot;,&quot;pagination_type&quot;:&quot;pagination&quot;,&quot;layout&quot;:&quot;2&quot;,&quot;source&quot;:&quot;&quot;,&quot;orderby&quot;:&quot;date&quot;,&quot;order&quot;:&quot;desc&quot;,&quot;limit&quot;:6,&quot;thumbnail_size&quot;:&quot;medium&quot;,&quot;thumbnail_custom_dimension&quot;:{&quot;width&quot;:350,&quot;height&quot;:525},&quot;num_line&quot;:3,&quot;readmore_text&quot;:&quot;Read More&quot;,&quot;item_class&quot;:&quot;&quot;,&quot;data-settings&quot;:&quot;&quot;,&quot;element_id&quot;:&quot;bf75eb0&quot;}\"\n             data-query=\"{&quot;post_type&quot;:&quot;post&quot;,&quot;post_status&quot;:&quot;publish&quot;,&quot;posts_per_page&quot;:6,&quot;order&quot;:&quot;desc&quot;,&quot;orderby&quot;:&quot;date&quot;,&quot;tax_query&quot;:{&quot;relation&quot;:&quot;OR&quot;},&quot;post__not_in&quot;:[145]}\"><\/div>\n        <div class=\"cms-grid-overlay\"><\/div>\n<\/div>\t\t\t\t<\/div>\n\t\t\t\t<\/div>\n\t\t\t\t\t<\/div>\r\n\t\t\t\t<\/div>\r\n\t\t\t\t<\/div>\n\t\t","protected":false},"excerpt":{"rendered":"<p>julio 22, 2025 \u00bfC\u00f3mo limpiar joyas preciosas en casa? As gold and platinum are both commonly used interchangeably as settings diamonds and gemstones, the same basic need to consider what other jewellery you wear close by if you have a gold engagement ring, then you would want to choose a gold wedding ring to wear [&hellip;]<\/p>\n","protected":false},"author":1,"featured_media":0,"parent":0,"menu_order":35,"comment_status":"closed","ping_status":"closed","template":"","meta":{"footnotes":""},"class_list":["post-145","page","type-page","status-publish","hentry"],"yoast_head":"<!-- This site is optimized with the Yoast SEO plugin v27.4 - https:\/\/yoast.com\/product\/yoast-seo-wordpress\/ -->\n<title>Blog - virguliilla - Compra de Joyer\u00eda Online<\/title>\n<meta name=\"robots\" content=\"index, follow, max-snippet:-1, max-image-preview:large, max-video-preview:-1\" \/>\n<link rel=\"canonical\" href=\"https:\/\/virguliilla.com\/en\/blog\/\" \/>\n<meta property=\"og:locale\" content=\"en_GB\" \/>\n<meta property=\"og:type\" content=\"article\" \/>\n<meta property=\"og:title\" content=\"Blog - virguliilla - Compra de Joyer\u00eda Online\" \/>\n<meta property=\"og:description\" content=\"julio 22, 2025 \u00bfC\u00f3mo limpiar joyas preciosas en casa? As gold and platinum are both commonly used interchangeably as settings diamonds and gemstones, the same basic need to consider what other jewellery you wear close by if you have a gold engagement ring, then you would want to choose a gold wedding ring to wear [&hellip;]\" \/>\n<meta property=\"og:url\" content=\"https:\/\/virguliilla.com\/en\/blog\/\" \/>\n<meta property=\"og:site_name\" content=\"virguliilla - Compra de Joyer\u00eda Online\" \/>\n<meta property=\"article:modified_time\" content=\"2025-11-26T13:09:59+00:00\" \/>\n<meta property=\"og:image\" content=\"https:\/\/virguliilla.com\/wp-content\/uploads\/blog-6.webp\" \/>\n<meta name=\"twitter:card\" content=\"summary_large_image\" \/>\n<meta name=\"twitter:label1\" content=\"Estimated reading time\" \/>\n\t<meta name=\"twitter:data1\" content=\"1 minute\" \/>\n<script type=\"application\/ld+json\" class=\"yoast-schema-graph\">{\"@context\":\"https:\\\/\\\/schema.org\",\"@graph\":[{\"@type\":\"WebPage\",\"@id\":\"https:\\\/\\\/virguliilla.com\\\/blog\\\/\",\"url\":\"https:\\\/\\\/virguliilla.com\\\/blog\\\/\",\"name\":\"Blog - virguliilla - Compra de Joyer\u00eda Online\",\"isPartOf\":{\"@id\":\"https:\\\/\\\/virguliilla.com\\\/en\\\/#website\"},\"primaryImageOfPage\":{\"@id\":\"https:\\\/\\\/virguliilla.com\\\/blog\\\/#primaryimage\"},\"image\":{\"@id\":\"https:\\\/\\\/virguliilla.com\\\/blog\\\/#primaryimage\"},\"thumbnailUrl\":\"https:\\\/\\\/virguliilla.com\\\/wp-content\\\/uploads\\\/blog-6.webp\",\"datePublished\":\"2025-07-22T02:26:37+00:00\",\"dateModified\":\"2025-11-26T13:09:59+00:00\",\"breadcrumb\":{\"@id\":\"https:\\\/\\\/virguliilla.com\\\/blog\\\/#breadcrumb\"},\"inLanguage\":\"en-GB\",\"potentialAction\":[{\"@type\":\"ReadAction\",\"target\":[\"https:\\\/\\\/virguliilla.com\\\/blog\\\/\"]}]},{\"@type\":\"ImageObject\",\"inLanguage\":\"en-GB\",\"@id\":\"https:\\\/\\\/virguliilla.com\\\/blog\\\/#primaryimage\",\"url\":\"https:\\\/\\\/virguliilla.com\\\/wp-content\\\/uploads\\\/blog-6.webp\",\"contentUrl\":\"https:\\\/\\\/virguliilla.com\\\/wp-content\\\/uploads\\\/blog-6.webp\"},{\"@type\":\"BreadcrumbList\",\"@id\":\"https:\\\/\\\/virguliilla.com\\\/blog\\\/#breadcrumb\",\"itemListElement\":[{\"@type\":\"ListItem\",\"position\":1,\"name\":\"Portada\",\"item\":\"https:\\\/\\\/virguliilla.com\\\/en\\\/\"},{\"@type\":\"ListItem\",\"position\":2,\"name\":\"Blog\"}]},{\"@type\":\"WebSite\",\"@id\":\"https:\\\/\\\/virguliilla.com\\\/en\\\/#website\",\"url\":\"https:\\\/\\\/virguliilla.com\\\/en\\\/\",\"name\":\"virguliilla - Compra de Joyer\u00eda Online\",\"description\":\"\",\"potentialAction\":[{\"@type\":\"SearchAction\",\"target\":{\"@type\":\"EntryPoint\",\"urlTemplate\":\"https:\\\/\\\/virguliilla.com\\\/en\\\/?s={search_term_string}\"},\"query-input\":{\"@type\":\"PropertyValueSpecification\",\"valueRequired\":true,\"valueName\":\"search_term_string\"}}],\"inLanguage\":\"en-GB\"}]}<\/script>\n<!-- \/ Yoast SEO plugin. -->","yoast_head_json":{"title":"Blog - virguliilla - Compra de Joyer\u00eda Online","robots":{"index":"index","follow":"follow","max-snippet":"max-snippet:-1","max-image-preview":"max-image-preview:large","max-video-preview":"max-video-preview:-1"},"canonical":"https:\/\/virguliilla.com\/en\/blog\/","og_locale":"en_GB","og_type":"article","og_title":"Blog - virguliilla - Compra de Joyer\u00eda Online","og_description":"julio 22, 2025 \u00bfC\u00f3mo limpiar joyas preciosas en casa? As gold and platinum are both commonly used interchangeably as settings diamonds and gemstones, the same basic need to consider what other jewellery you wear close by if you have a gold engagement ring, then you would want to choose a gold wedding ring to wear [&hellip;]","og_url":"https:\/\/virguliilla.com\/en\/blog\/","og_site_name":"virguliilla - Compra de Joyer\u00eda Online","article_modified_time":"2025-11-26T13:09:59+00:00","og_image":[{"url":"https:\/\/virguliilla.com\/wp-content\/uploads\/blog-6.webp","type":"","width":"","height":""}],"twitter_card":"summary_large_image","twitter_misc":{"Estimated reading time":"1 minute"},"schema":{"@context":"https:\/\/schema.org","@graph":[{"@type":"WebPage","@id":"https:\/\/virguliilla.com\/blog\/","url":"https:\/\/virguliilla.com\/blog\/","name":"Blog - virguliilla - Compra de Joyer\u00eda Online","isPartOf":{"@id":"https:\/\/virguliilla.com\/en\/#website"},"primaryImageOfPage":{"@id":"https:\/\/virguliilla.com\/blog\/#primaryimage"},"image":{"@id":"https:\/\/virguliilla.com\/blog\/#primaryimage"},"thumbnailUrl":"https:\/\/virguliilla.com\/wp-content\/uploads\/blog-6.webp","datePublished":"2025-07-22T02:26:37+00:00","dateModified":"2025-11-26T13:09:59+00:00","breadcrumb":{"@id":"https:\/\/virguliilla.com\/blog\/#breadcrumb"},"inLanguage":"en-GB","potentialAction":[{"@type":"ReadAction","target":["https:\/\/virguliilla.com\/blog\/"]}]},{"@type":"ImageObject","inLanguage":"en-GB","@id":"https:\/\/virguliilla.com\/blog\/#primaryimage","url":"https:\/\/virguliilla.com\/wp-content\/uploads\/blog-6.webp","contentUrl":"https:\/\/virguliilla.com\/wp-content\/uploads\/blog-6.webp"},{"@type":"BreadcrumbList","@id":"https:\/\/virguliilla.com\/blog\/#breadcrumb","itemListElement":[{"@type":"ListItem","position":1,"name":"Portada","item":"https:\/\/virguliilla.com\/en\/"},{"@type":"ListItem","position":2,"name":"Blog"}]},{"@type":"WebSite","@id":"https:\/\/virguliilla.com\/en\/#website","url":"https:\/\/virguliilla.com\/en\/","name":"virguliilla - Compra de Joyer\u00eda Online","description":"","potentialAction":[{"@type":"SearchAction","target":{"@type":"EntryPoint","urlTemplate":"https:\/\/virguliilla.com\/en\/?s={search_term_string}"},"query-input":{"@type":"PropertyValueSpecification","valueRequired":true,"valueName":"search_term_string"}}],"inLanguage":"en-GB"}]}},"jetpack_sharing_enabled":true,"_links":{"self":[{"href":"https:\/\/virguliilla.com\/en\/wp-json\/wp\/v2\/pages\/145","targetHints":{"allow":["GET"]}}],"collection":[{"href":"https:\/\/virguliilla.com\/en\/wp-json\/wp\/v2\/pages"}],"about":[{"href":"https:\/\/virguliilla.com\/en\/wp-json\/wp\/v2\/types\/page"}],"author":[{"embeddable":true,"href":"https:\/\/virguliilla.com\/en\/wp-json\/wp\/v2\/users\/1"}],"replies":[{"embeddable":true,"href":"https:\/\/virguliilla.com\/en\/wp-json\/wp\/v2\/comments?post=145"}],"version-history":[{"count":4,"href":"https:\/\/virguliilla.com\/en\/wp-json\/wp\/v2\/pages\/145\/revisions"}],"predecessor-version":[{"id":4720,"href":"https:\/\/virguliilla.com\/en\/wp-json\/wp\/v2\/pages\/145\/revisions\/4720"}],"wp:attachment":[{"href":"https:\/\/virguliilla.com\/en\/wp-json\/wp\/v2\/media?parent=145"}],"curies":[{"name":"wp","href":"https:\/\/api.w.org\/{rel}","templated":true}]}}