{"id":4774,"date":"2025-11-27T10:46:51","date_gmt":"2025-11-27T09:46:51","guid":{"rendered":"https:\/\/virguliilla.com\/?post_type=product&#038;p=4774"},"modified":"2025-11-27T10:46:51","modified_gmt":"2025-11-27T09:46:51","slug":"pulsera-11","status":"publish","type":"product","link":"https:\/\/virguliilla.com\/en\/product\/pulsera-11\/","title":{"rendered":"Pulsera 11"},"content":{"rendered":"<p>Esta exquisita joya artesanal es un testimonio de la dedicaci\u00f3n al detalle y la pasi\u00f3n por el dise\u00f1o atemporal. Creada a mano con Plata de Ley 925, cada curva y cada engaste reflejan una maestr\u00eda excepcional. La pieza destaca por su elegancia vers\u00e1til, perfecta para a\u00f1adir un toque de distinci\u00f3n, ya sea en el estilo diario o en ocasiones especiales.<\/p>","protected":false},"excerpt":{"rendered":"<p>Exquisita joya artesanal hecha a mano en Plata de Ley 925. Esta pieza atemporal es un testimonio de la dedicaci\u00f3n y la maestr\u00eda, ofreciendo una elegancia vers\u00e1til perfecta para cualquier ocasi\u00f3n y para a\u00f1adir un toque de distinci\u00f3n a tu estilo diario.<\/p>","protected":false},"featured_media":4638,"comment_status":"open","ping_status":"closed","template":"","meta":[],"product_brand":[71],"product_cat":[72],"product_tag":[47],"class_list":{"0":"post-4774","1":"product","2":"type-product","3":"status-publish","4":"has-post-thumbnail","6":"product_brand-virguliilla","7":"product_cat-pulseras","8":"product_tag-piedras","10":"first","11":"instock","12":"shipping-taxable","13":"purchasable","14":"product-type-simple"},"yoast_head":"<!-- This site is optimized with the Yoast SEO plugin v27.4 - https:\/\/yoast.com\/product\/yoast-seo-wordpress\/ -->\n<title>Pulsera 11 - virguliilla - Compra de Joyer\u00eda Online<\/title>\n<meta name=\"robots\" content=\"index, follow, max-snippet:-1, max-image-preview:large, max-video-preview:-1\" \/>\n<link rel=\"canonical\" href=\"https:\/\/virguliilla.com\/en\/product\/pulsera-11\/\" \/>\n<meta property=\"og:locale\" content=\"en_GB\" \/>\n<meta property=\"og:type\" content=\"article\" \/>\n<meta property=\"og:title\" content=\"Pulsera 11 - virguliilla - Compra de Joyer\u00eda Online\" \/>\n<meta property=\"og:description\" content=\"Exquisita joya artesanal hecha a mano en Plata de Ley 925. Esta pieza atemporal es un testimonio de la dedicaci\u00f3n y la maestr\u00eda, ofreciendo una elegancia vers\u00e1til perfecta para cualquier ocasi\u00f3n y para a\u00f1adir un toque de distinci\u00f3n a tu estilo diario.\" \/>\n<meta property=\"og:url\" content=\"https:\/\/virguliilla.com\/en\/product\/pulsera-11\/\" \/>\n<meta property=\"og:site_name\" content=\"virguliilla - Compra de Joyer\u00eda Online\" \/>\n<meta property=\"og:image\" content=\"https:\/\/virguliilla.com\/wp-content\/uploads\/2025\/11\/503382342_1839267007023113_4243682101874350194_n_38_11zon_2_11zon.webp\" \/>\n\t<meta property=\"og:image:width\" content=\"640\" \/>\n\t<meta property=\"og:image:height\" content=\"615\" \/>\n\t<meta property=\"og:image:type\" content=\"image\/webp\" \/>\n<meta name=\"twitter:card\" content=\"summary_large_image\" \/>\n<script type=\"application\/ld+json\" class=\"yoast-schema-graph\">{\"@context\":\"https:\\\/\\\/schema.org\",\"@graph\":[{\"@type\":\"WebPage\",\"@id\":\"https:\\\/\\\/virguliilla.com\\\/en\\\/product\\\/pulsera-11\\\/\",\"url\":\"https:\\\/\\\/virguliilla.com\\\/en\\\/product\\\/pulsera-11\\\/\",\"name\":\"Pulsera 11 - virguliilla - Compra de Joyer\u00eda Online\",\"isPartOf\":{\"@id\":\"https:\\\/\\\/virguliilla.com\\\/en\\\/#website\"},\"primaryImageOfPage\":{\"@id\":\"https:\\\/\\\/virguliilla.com\\\/en\\\/product\\\/pulsera-11\\\/#primaryimage\"},\"image\":{\"@id\":\"https:\\\/\\\/virguliilla.com\\\/en\\\/product\\\/pulsera-11\\\/#primaryimage\"},\"thumbnailUrl\":\"https:\\\/\\\/virguliilla.com\\\/wp-content\\\/uploads\\\/2025\\\/11\\\/503382342_1839267007023113_4243682101874350194_n_38_11zon_2_11zon.webp\",\"datePublished\":\"2025-11-27T09:46:51+00:00\",\"breadcrumb\":{\"@id\":\"https:\\\/\\\/virguliilla.com\\\/en\\\/product\\\/pulsera-11\\\/#breadcrumb\"},\"inLanguage\":\"en-GB\",\"potentialAction\":[{\"@type\":\"ReadAction\",\"target\":[\"https:\\\/\\\/virguliilla.com\\\/en\\\/product\\\/pulsera-11\\\/\"]}]},{\"@type\":\"ImageObject\",\"inLanguage\":\"en-GB\",\"@id\":\"https:\\\/\\\/virguliilla.com\\\/en\\\/product\\\/pulsera-11\\\/#primaryimage\",\"url\":\"https:\\\/\\\/virguliilla.com\\\/wp-content\\\/uploads\\\/2025\\\/11\\\/503382342_1839267007023113_4243682101874350194_n_38_11zon_2_11zon.webp\",\"contentUrl\":\"https:\\\/\\\/virguliilla.com\\\/wp-content\\\/uploads\\\/2025\\\/11\\\/503382342_1839267007023113_4243682101874350194_n_38_11zon_2_11zon.webp\",\"width\":640,\"height\":615,\"caption\":\"Pulsera 11\"},{\"@type\":\"BreadcrumbList\",\"@id\":\"https:\\\/\\\/virguliilla.com\\\/en\\\/product\\\/pulsera-11\\\/#breadcrumb\",\"itemListElement\":[{\"@type\":\"ListItem\",\"position\":1,\"name\":\"Portada\",\"item\":\"https:\\\/\\\/virguliilla.com\\\/en\\\/\"},{\"@type\":\"ListItem\",\"position\":2,\"name\":\"Tienda\",\"item\":\"https:\\\/\\\/virguliilla.com\\\/tienda\\\/\"},{\"@type\":\"ListItem\",\"position\":3,\"name\":\"Pulsera 11\"}]},{\"@type\":\"WebSite\",\"@id\":\"https:\\\/\\\/virguliilla.com\\\/en\\\/#website\",\"url\":\"https:\\\/\\\/virguliilla.com\\\/en\\\/\",\"name\":\"virguliilla - Compra de Joyer\u00eda Online\",\"description\":\"\",\"potentialAction\":[{\"@type\":\"SearchAction\",\"target\":{\"@type\":\"EntryPoint\",\"urlTemplate\":\"https:\\\/\\\/virguliilla.com\\\/en\\\/?s={search_term_string}\"},\"query-input\":{\"@type\":\"PropertyValueSpecification\",\"valueRequired\":true,\"valueName\":\"search_term_string\"}}],\"inLanguage\":\"en-GB\"}]}<\/script>\n<!-- \/ Yoast SEO plugin. -->","yoast_head_json":{"title":"Pulsera 11 - virguliilla - Compra de Joyer\u00eda Online","robots":{"index":"index","follow":"follow","max-snippet":"max-snippet:-1","max-image-preview":"max-image-preview:large","max-video-preview":"max-video-preview:-1"},"canonical":"https:\/\/virguliilla.com\/en\/product\/pulsera-11\/","og_locale":"en_GB","og_type":"article","og_title":"Pulsera 11 - virguliilla - Compra de Joyer\u00eda Online","og_description":"Exquisita joya artesanal hecha a mano en Plata de Ley 925. Esta pieza atemporal es un testimonio de la dedicaci\u00f3n y la maestr\u00eda, ofreciendo una elegancia vers\u00e1til perfecta para cualquier ocasi\u00f3n y para a\u00f1adir un toque de distinci\u00f3n a tu estilo diario.","og_url":"https:\/\/virguliilla.com\/en\/product\/pulsera-11\/","og_site_name":"virguliilla - Compra de Joyer\u00eda Online","og_image":[{"width":640,"height":615,"url":"https:\/\/virguliilla.com\/wp-content\/uploads\/2025\/11\/503382342_1839267007023113_4243682101874350194_n_38_11zon_2_11zon.webp","type":"image\/webp"}],"twitter_card":"summary_large_image","schema":{"@context":"https:\/\/schema.org","@graph":[{"@type":"WebPage","@id":"https:\/\/virguliilla.com\/en\/product\/pulsera-11\/","url":"https:\/\/virguliilla.com\/en\/product\/pulsera-11\/","name":"Pulsera 11 - virguliilla - Compra de Joyer\u00eda Online","isPartOf":{"@id":"https:\/\/virguliilla.com\/en\/#website"},"primaryImageOfPage":{"@id":"https:\/\/virguliilla.com\/en\/product\/pulsera-11\/#primaryimage"},"image":{"@id":"https:\/\/virguliilla.com\/en\/product\/pulsera-11\/#primaryimage"},"thumbnailUrl":"https:\/\/virguliilla.com\/wp-content\/uploads\/2025\/11\/503382342_1839267007023113_4243682101874350194_n_38_11zon_2_11zon.webp","datePublished":"2025-11-27T09:46:51+00:00","breadcrumb":{"@id":"https:\/\/virguliilla.com\/en\/product\/pulsera-11\/#breadcrumb"},"inLanguage":"en-GB","potentialAction":[{"@type":"ReadAction","target":["https:\/\/virguliilla.com\/en\/product\/pulsera-11\/"]}]},{"@type":"ImageObject","inLanguage":"en-GB","@id":"https:\/\/virguliilla.com\/en\/product\/pulsera-11\/#primaryimage","url":"https:\/\/virguliilla.com\/wp-content\/uploads\/2025\/11\/503382342_1839267007023113_4243682101874350194_n_38_11zon_2_11zon.webp","contentUrl":"https:\/\/virguliilla.com\/wp-content\/uploads\/2025\/11\/503382342_1839267007023113_4243682101874350194_n_38_11zon_2_11zon.webp","width":640,"height":615,"caption":"Pulsera 11"},{"@type":"BreadcrumbList","@id":"https:\/\/virguliilla.com\/en\/product\/pulsera-11\/#breadcrumb","itemListElement":[{"@type":"ListItem","position":1,"name":"Portada","item":"https:\/\/virguliilla.com\/en\/"},{"@type":"ListItem","position":2,"name":"Tienda","item":"https:\/\/virguliilla.com\/tienda\/"},{"@type":"ListItem","position":3,"name":"Pulsera 11"}]},{"@type":"WebSite","@id":"https:\/\/virguliilla.com\/en\/#website","url":"https:\/\/virguliilla.com\/en\/","name":"virguliilla - Compra de Joyer\u00eda Online","description":"","potentialAction":[{"@type":"SearchAction","target":{"@type":"EntryPoint","urlTemplate":"https:\/\/virguliilla.com\/en\/?s={search_term_string}"},"query-input":{"@type":"PropertyValueSpecification","valueRequired":true,"valueName":"search_term_string"}}],"inLanguage":"en-GB"}]}},"jetpack_sharing_enabled":true,"_links":{"self":[{"href":"https:\/\/virguliilla.com\/en\/wp-json\/wp\/v2\/product\/4774","targetHints":{"allow":["GET"]}}],"collection":[{"href":"https:\/\/virguliilla.com\/en\/wp-json\/wp\/v2\/product"}],"about":[{"href":"https:\/\/virguliilla.com\/en\/wp-json\/wp\/v2\/types\/product"}],"replies":[{"embeddable":true,"href":"https:\/\/virguliilla.com\/en\/wp-json\/wp\/v2\/comments?post=4774"}],"wp:featuredmedia":[{"embeddable":true,"href":"https:\/\/virguliilla.com\/en\/wp-json\/wp\/v2\/media\/4638"}],"wp:attachment":[{"href":"https:\/\/virguliilla.com\/en\/wp-json\/wp\/v2\/media?parent=4774"}],"wp:term":[{"taxonomy":"product_brand","embeddable":true,"href":"https:\/\/virguliilla.com\/en\/wp-json\/wp\/v2\/product_brand?post=4774"},{"taxonomy":"product_cat","embeddable":true,"href":"https:\/\/virguliilla.com\/en\/wp-json\/wp\/v2\/product_cat?post=4774"},{"taxonomy":"product_tag","embeddable":true,"href":"https:\/\/virguliilla.com\/en\/wp-json\/wp\/v2\/product_tag?post=4774"}],"curies":[{"name":"wp","href":"https:\/\/api.w.org\/{rel}","templated":true}]}}